{"id":1490,"date":"2021-10-19T10:58:11","date_gmt":"2021-10-19T08:58:11","guid":{"rendered":"https:\/\/www.macrolim.net\/trabaja-con-nosotros\/"},"modified":"2025-10-22T10:50:49","modified_gmt":"2025-10-22T08:50:49","slug":"trabaja-con-nosotros","status":"publish","type":"page","link":"https:\/\/www.macrolimgrup.com\/es\/trabaja-con-nosotros\/","title":{"rendered":"Trabaja con nosotros"},"content":{"rendered":"<p><div class=\"fusion-fullwidth fullwidth-box fusion-builder-row-1 fusion-flex-container fusion-parallax-none nonhundred-percent-fullwidth non-hundred-percent-height-scrolling\" style=\"--awb-background-blend-mode:multiply;--awb-border-radius-top-left:0px;--awb-border-radius-top-right:0px;--awb-border-radius-bottom-right:0px;--awb-border-radius-bottom-left:0px;--awb-min-height:400px;--awb-background-color:rgba(0,0,0,0.5);--awb-background-image:url(&quot;https:\/\/www.macrolim.net\/wp-content\/uploads\/2020\/08\/Slide-Contacta.jpg&quot;);--awb-background-size:cover;--awb-flex-wrap:wrap;\" ><div class=\"fusion-builder-row fusion-row fusion-flex-align-items-center fusion-flex-align-content-center fusion-flex-content-wrap\" style=\"max-width:1227.2px;margin-left: calc(-4% \/ 2 );margin-right: calc(-4% \/ 2 );\"><div class=\"fusion-layout-column fusion_builder_column fusion-builder-column-0 fusion_builder_column_1_1 1_1 fusion-flex-column fusion-flex-align-self-center\" style=\"--awb-bg-size:cover;--awb-width-large:100%;--awb-margin-top-large:0px;--awb-spacing-right-large:1.92%;--awb-margin-bottom-large:20px;--awb-spacing-left-large:1.92%;--awb-width-medium:100%;--awb-order-medium:0;--awb-spacing-right-medium:1.92%;--awb-spacing-left-medium:1.92%;--awb-width-small:100%;--awb-order-small:0;--awb-spacing-right-small:1.92%;--awb-spacing-left-small:1.92%;\"><div class=\"fusion-column-wrapper fusion-column-has-shadow fusion-flex-justify-content-space-evenly fusion-content-layout-column\"><div class=\"fusion-text fusion-text-1\"><h2><span style=\"color: #ffffff;\">Trabaja con Nosotros<\/span><\/h2>\n<h6><span style=\"color: #ffffff;\">\u00bfTE GUSTAR\u00cdA FORMAR PARTE DEL UNIVERSO MACROLIM GRUP?<\/span><\/h6>\n<\/div><\/div><\/div><\/div><\/div><div class=\"fusion-fullwidth fullwidth-box fusion-builder-row-2 fusion-flex-container nonhundred-percent-fullwidth non-hundred-percent-height-scrolling\" style=\"--awb-border-radius-top-left:0px;--awb-border-radius-top-right:0px;--awb-border-radius-bottom-right:0px;--awb-border-radius-bottom-left:0px;--awb-margin-top:3%;--awb-flex-wrap:wrap;\" ><div class=\"fusion-builder-row fusion-row fusion-flex-align-items-flex-start fusion-flex-content-wrap\" style=\"max-width:1227.2px;margin-left: calc(-4% \/ 2 );margin-right: calc(-4% \/ 2 );\"><div class=\"fusion-layout-column fusion_builder_column fusion-builder-column-1 fusion_builder_column_1_6 1_6 fusion-flex-column\" style=\"--awb-bg-size:cover;--awb-width-large:16.666666666667%;--awb-margin-top-large:0px;--awb-spacing-right-large:11.52%;--awb-margin-bottom-large:20px;--awb-spacing-left-large:11.52%;--awb-width-medium:16.666666666667%;--awb-order-medium:0;--awb-spacing-right-medium:11.52%;--awb-spacing-left-medium:11.52%;--awb-width-small:100%;--awb-order-small:0;--awb-spacing-right-small:1.92%;--awb-spacing-left-small:1.92%;\"><div class=\"fusion-column-wrapper fusion-column-has-shadow fusion-flex-justify-content-flex-start fusion-content-layout-column\"><\/div><\/div><div class=\"fusion-layout-column fusion_builder_column fusion-builder-column-2 fusion_builder_column_2_3 2_3 fusion-flex-column\" style=\"--awb-bg-size:cover;--awb-width-large:66.666666666667%;--awb-margin-top-large:0px;--awb-spacing-right-large:2.88%;--awb-margin-bottom-large:0px;--awb-spacing-left-large:2.88%;--awb-width-medium:66.666666666667%;--awb-order-medium:0;--awb-spacing-right-medium:2.88%;--awb-spacing-left-medium:2.88%;--awb-width-small:100%;--awb-order-small:0;--awb-spacing-right-small:1.92%;--awb-spacing-left-small:1.92%;\"><div class=\"fusion-column-wrapper fusion-column-has-shadow fusion-flex-justify-content-flex-start fusion-content-layout-column\"><div class=\"fusion-text fusion-text-2\"><p>Macrolim Grup es la suma de sus proyectos, pero tambi\u00e9n de su gente. Los profesionales que trabajan para ofrecer la mejor versi\u00f3n de s\u00ed mismos y para convertir nuestra compa\u00f1\u00eda en un referente dentro del sector de los Facility Services. Ellos son nuestro principal activo y, junto a nuestros clientes, nuestra motivaci\u00f3n para seguir avanzando y creciendo como empresa.<\/p>\n<p>\u00bfTe gustar\u00eda formar parte del universo Macrolim Grup? Si\u2026<\/p>\n<\/div><div class=\"fusion-builder-row fusion-builder-row-inner fusion-row fusion-flex-align-items-flex-start fusion-flex-content-wrap\" style=\"width:104% !important;max-width:104% !important;margin-left: calc(-4% \/ 2 );margin-right: calc(-4% \/ 2 );\"><div class=\"fusion-layout-column fusion_builder_column_inner fusion-builder-nested-column-0 fusion_builder_column_inner_1_2 1_2 fusion-flex-column\" style=\"--awb-bg-size:cover;--awb-width-large:50%;--awb-margin-top-large:0px;--awb-spacing-right-large:3.84%;--awb-margin-bottom-large:0px;--awb-spacing-left-large:3.84%;--awb-width-medium:50%;--awb-order-medium:0;--awb-spacing-right-medium:3.84%;--awb-spacing-left-medium:3.84%;--awb-width-small:100%;--awb-order-small:0;--awb-spacing-right-small:1.92%;--awb-spacing-left-small:1.92%;\"><div class=\"fusion-column-wrapper fusion-column-has-shadow fusion-flex-justify-content-flex-start fusion-content-layout-column\"><div class=\"fusion-text fusion-text-3\"><ul style=\"margin:0;\">\n<li>Amas tu trabajo y disfrutas realiz\u00e1ndolo.<\/li>\n<li>Te implicas en cada proyecto que asumes.<\/li>\n<\/ul>\n<\/div><\/div><\/div><div class=\"fusion-layout-column fusion_builder_column_inner fusion-builder-nested-column-1 fusion_builder_column_inner_1_2 1_2 fusion-flex-column\" style=\"--awb-bg-size:cover;--awb-width-large:50%;--awb-margin-top-large:0px;--awb-spacing-right-large:3.84%;--awb-margin-bottom-large:0px;--awb-spacing-left-large:3.84%;--awb-width-medium:50%;--awb-order-medium:0;--awb-spacing-right-medium:3.84%;--awb-spacing-left-medium:3.84%;--awb-width-small:100%;--awb-order-small:0;--awb-spacing-right-small:1.92%;--awb-spacing-left-small:1.92%;\"><div class=\"fusion-column-wrapper fusion-column-has-shadow fusion-flex-justify-content-flex-start fusion-content-layout-column\"><div class=\"fusion-text fusion-text-4\"><ul style=\"margin:0;\">\n<li>Quieres seguir aprendiendo y mejorando como profesional.<\/li>\n<li>Te gusta trabajar en equipo y aportar nuevas ideas y propuestas.<\/li>\n<\/ul>\n<\/div><\/div><\/div><\/div><div class=\"fusion-text fusion-text-5\"><h5 style=\"text-align: center;\">Entonces, \u00a1no lo dudes! \u00a1Env\u00edanos tu curr\u00edculum!<\/h5>\n<\/div><\/div><\/div><div class=\"fusion-layout-column fusion_builder_column fusion-builder-column-3 fusion_builder_column_1_6 1_6 fusion-flex-column\" style=\"--awb-bg-size:cover;--awb-width-large:16.666666666667%;--awb-margin-top-large:0px;--awb-spacing-right-large:11.52%;--awb-margin-bottom-large:20px;--awb-spacing-left-large:11.52%;--awb-width-medium:16.666666666667%;--awb-order-medium:0;--awb-spacing-right-medium:11.52%;--awb-spacing-left-medium:11.52%;--awb-width-small:100%;--awb-order-small:0;--awb-spacing-right-small:1.92%;--awb-spacing-left-small:1.92%;\"><div class=\"fusion-column-wrapper fusion-column-has-shadow fusion-flex-justify-content-flex-start fusion-content-layout-column\"><\/div><\/div><\/div><\/div><div class=\"fusion-fullwidth fullwidth-box fusion-builder-row-3 fusion-flex-container nonhundred-percent-fullwidth non-hundred-percent-height-scrolling\" style=\"--awb-border-radius-top-left:0px;--awb-border-radius-top-right:0px;--awb-border-radius-bottom-right:0px;--awb-border-radius-bottom-left:0px;--awb-flex-wrap:wrap;\" ><div class=\"fusion-builder-row fusion-row fusion-flex-align-items-stretch fusion-flex-justify-content-center fusion-flex-content-wrap\" style=\"max-width:1203.6px;margin-left: calc(-2% \/ 2 );margin-right: calc(-2% \/ 2 );\"><div class=\"fusion-layout-column fusion_builder_column fusion-builder-column-4 fusion_builder_column_1_6 1_6 fusion-flex-column\" style=\"--awb-bg-color:#f4f4f4;--awb-bg-color-hover:#f4f4f4;--awb-bg-size:cover;--awb-width-large:16.666666666667%;--awb-margin-top-large:0px;--awb-spacing-right-large:0px;--awb-margin-bottom-large:20px;--awb-spacing-left-large:5.88%;--awb-width-medium:16.666666666667%;--awb-order-medium:0;--awb-spacing-right-medium:0px;--awb-spacing-left-medium:5.88%;--awb-width-small:100%;--awb-order-small:0;--awb-spacing-right-small:0.98%;--awb-spacing-left-small:0.98%;\"><div class=\"fusion-column-wrapper fusion-column-has-shadow fusion-flex-justify-content-flex-start fusion-content-layout-column\"><\/div><\/div><div class=\"fusion-layout-column fusion_builder_column fusion-builder-column-5 fusion_builder_column_2_3 2_3 fusion-flex-column\" style=\"--awb-padding-top:3%;--awb-padding-right:3%;--awb-padding-bottom:3%;--awb-padding-left:3%;--awb-padding-top-small:20px;--awb-padding-right-small:20px;--awb-padding-bottom-small:20px;--awb-padding-left-small:20px;--awb-bg-color:#f4f4f4;--awb-bg-color-hover:#f4f4f4;--awb-bg-size:cover;--awb-width-large:66.666666666667%;--awb-margin-top-large:0px;--awb-spacing-right-large:0px;--awb-margin-bottom-large:20px;--awb-spacing-left-large:0px;--awb-width-medium:66.666666666667%;--awb-order-medium:0;--awb-spacing-right-medium:0px;--awb-spacing-left-medium:0px;--awb-width-small:100%;--awb-order-small:0;--awb-spacing-right-small:0.98%;--awb-spacing-left-small:0.98%;\"><div class=\"fusion-column-wrapper fusion-column-has-shadow fusion-flex-justify-content-flex-start fusion-content-layout-column\"><div class=\"fusion-text fusion-text-6\"><h2 style=\"text-align: center;\">Trabaja con nosotros<\/h2>\n<\/div>\n<div class=\"wpcf7 no-js\" id=\"wpcf7-f398-o1\" lang=\"es-ES\" dir=\"ltr\" data-wpcf7-id=\"398\">\n<div class=\"screen-reader-response\"><p role=\"status\" aria-live=\"polite\" aria-atomic=\"true\"><\/p> <ul><\/ul><\/div>\n<form action=\"\/es\/wp-json\/wp\/v2\/pages\/1490#wpcf7-f398-o1\" method=\"post\" class=\"wpcf7-form init\" aria-label=\"Formulario de contacto\" enctype=\"multipart\/form-data\" novalidate=\"novalidate\" data-status=\"init\">\n<fieldset class=\"hidden-fields-container\"><input type=\"hidden\" name=\"_wpcf7\" value=\"398\" \/><input type=\"hidden\" name=\"_wpcf7_version\" value=\"6.1.2\" \/><input type=\"hidden\" name=\"_wpcf7_locale\" value=\"es_ES\" \/><input type=\"hidden\" name=\"_wpcf7_unit_tag\" value=\"wpcf7-f398-o1\" \/><input type=\"hidden\" name=\"_wpcf7_container_post\" value=\"0\" \/><input type=\"hidden\" name=\"_wpcf7_posted_data_hash\" value=\"\" \/>\n<\/fieldset>\n<div class=\"fusion-one-full fusion-layout-column fusion-spacing-yes fusion-column-last form-spacing input-group\">\n\t<p><label>Nombre*<\/label><br \/>\n<span class=\"wpcf7-form-control-wrap\" data-name=\"your-name\"><input size=\"40\" maxlength=\"400\" class=\"wpcf7-form-control wpcf7-text wpcf7-validates-as-required\" aria-required=\"true\" aria-invalid=\"false\" value=\"\" type=\"text\" name=\"your-name\" \/><\/span>\n\t<\/p>\n<\/div>\n<div class=\"fusion-one-full fusion-layout-column fusion-spacing-yes fusion-column-last form-spacing input-group\">\n\t<p><label>Tel\u00e9fono*<\/label><br \/>\n<span class=\"wpcf7-form-control-wrap\" data-name=\"telefon\"><input size=\"40\" maxlength=\"400\" class=\"wpcf7-form-control wpcf7-tel wpcf7-validates-as-required wpcf7-text wpcf7-validates-as-tel\" aria-required=\"true\" aria-invalid=\"false\" value=\"\" type=\"tel\" name=\"telefon\" \/><\/span>\n\t<\/p>\n<\/div>\n<div class=\"fusion-one-full fusion-layout-column fusion-column-last fusion-spacing-yes form-spacing input-group\">\n\t<p><label>Email*<\/label><br \/>\n<span class=\"wpcf7-form-control-wrap\" data-name=\"email-998\"><input size=\"40\" maxlength=\"400\" class=\"wpcf7-form-control wpcf7-email wpcf7-validates-as-required wpcf7-text wpcf7-validates-as-email\" aria-required=\"true\" aria-invalid=\"false\" value=\"\" type=\"email\" name=\"email-998\" \/><\/span>\n\t<\/p>\n<\/div>\n<p style=\"margin:0;\">ASUNTO*\n<\/p>\n<div class=\"fusion-one-full fusion-layout-column fusion-column-last fusion-spacing-yes form-spacing input-group\">\n\t<p><span class=\"wpcf7-form-control-wrap\" data-name=\"asunto\"><select class=\"wpcf7-form-control wpcf7-select wpcf7-validates-as-required\" aria-required=\"true\" aria-invalid=\"false\" name=\"asunto\"><option value=\"\">&#8212;Por favor, elige una opci\u00f3n&#8212;<\/option><option value=\"Quiero trabajar con Macrolim\">Quiero trabajar con Macrolim<\/option><option value=\"Quiero trabajar con Macrodiet\">Quiero trabajar con Macrodiet<\/option><option value=\"Quiero trabajar con Macroesplay\">Quiero trabajar con Macroesplay<\/option><option value=\"Quiero trabajar con Macroman\">Quiero trabajar con Macroman<\/option><\/select><\/span>\n\t<\/p>\n<\/div>\n<div class=\"fusion-one-full fusion-layout-column fusion-column-last fusion-spacing-yes form-spacing input-group\">\n\t<p><label>Mensaje*<\/label><br \/>\n<span class=\"wpcf7-form-control-wrap\" data-name=\"mensaje\"><textarea cols=\"40\" rows=\"10\" maxlength=\"2000\" class=\"wpcf7-form-control wpcf7-textarea wpcf7-validates-as-required\" aria-required=\"true\" aria-invalid=\"false\" name=\"mensaje\"><\/textarea><\/span>\n\t<\/p>\n<\/div>\n<div class=\"fusion-one-full fusion-layout-column fusion-column-last fusion-spacing-yes form-spacing input-group\">\n\t<p><label>A\u00f1ade tu CV*<\/label><br \/>\n<span class=\"wpcf7-form-control-wrap\" data-name=\"curriculum\"><input size=\"40\" class=\"wpcf7-form-control wpcf7-file wpcf7-validates-as-required\" accept=\".pdf,.doc,.docx\" aria-required=\"true\" aria-invalid=\"false\" type=\"file\" name=\"curriculum\" \/><\/span>\n\t<\/p>\n<\/div>\n<div style=\"line-height:1.2; margin-bottom:10px;font-size:0.75rem;\" class=\"labelwhite condicions\">\n\t<p><span class=\"wpcf7-form-control-wrap\" data-name=\"acceptance-484\"><span class=\"wpcf7-form-control wpcf7-acceptance\"><span class=\"wpcf7-list-item\"><label><input type=\"checkbox\" name=\"acceptance-484\" value=\"1\" aria-invalid=\"false\" \/><span class=\"wpcf7-list-item-label\">He le\u00eddo y acepto las condiciones generales y <a href=\"\/es\/politica-de-privacidad\/\" target=\"_blank\">la Pol\u00edtica de Privacidad.<\/span><\/label><\/span><\/span><\/span>\n\t<\/p>\n<\/div>\n<div style=\"line-height:1.2; margin-bottom:10px;font-size:0.75rem;\" class=\"labelwhite condicions\">\n\t<p><span class=\"wpcf7-form-control-wrap\" data-name=\"checkbox-331\"><span class=\"wpcf7-form-control wpcf7-checkbox ticnoticies\"><span class=\"wpcf7-list-item first last\"><input type=\"checkbox\" name=\"checkbox-331[]\" value=\"Quiero suscribirme a la newsletter.\" \/><span class=\"wpcf7-list-item-label\">Quiero suscribirme a la newsletter.<\/span><\/span><\/span><\/span>\n\t<\/p>\n<\/div>\n<p style=\"text-align:center;\"><input class=\"wpcf7-form-control wpcf7-submit has-spinner\" type=\"submit\" value=\"Enviar\" \/>\n<\/p><div class=\"fusion-alert alert custom alert-custom fusion-alert-center wpcf7-response-output awb-alert-native-link-color alert-dismissable awb-alert-close-boxed\" style=\"--awb-border-size:1px;--awb-border-top-left-radius:0px;--awb-border-top-right-radius:0px;--awb-border-bottom-left-radius:0px;--awb-border-bottom-right-radius:0px;\" role=\"alert\"><div class=\"fusion-alert-content-wrapper\"><span class=\"fusion-alert-content\"><\/span><\/div><button type=\"button\" class=\"close toggle-alert\" data-dismiss=\"alert\" aria-label=\"Close\">&times;<\/button><\/div>\n<\/form>\n<\/div>\n<\/div><\/div><div class=\"fusion-layout-column fusion_builder_column fusion-builder-column-6 fusion_builder_column_1_6 1_6 fusion-flex-column\" style=\"--awb-bg-color:#f4f4f4;--awb-bg-color-hover:#f4f4f4;--awb-bg-size:cover;--awb-width-large:16.666666666667%;--awb-margin-top-large:0px;--awb-spacing-right-large:5.88%;--awb-margin-bottom-large:20px;--awb-spacing-left-large:0px;--awb-width-medium:16.666666666667%;--awb-order-medium:0;--awb-spacing-right-medium:5.88%;--awb-spacing-left-medium:0px;--awb-width-small:100%;--awb-order-small:0;--awb-spacing-right-small:0.98%;--awb-spacing-left-small:0.98%;\"><div class=\"fusion-column-wrapper fusion-column-has-shadow fusion-flex-justify-content-flex-start fusion-content-layout-column\"><\/div><\/div><\/div><\/div><div class=\"fusion-fullwidth fullwidth-box fusion-builder-row-4 fusion-flex-container nonhundred-percent-fullwidth non-hundred-percent-height-scrolling\" style=\"--awb-border-radius-top-left:0px;--awb-border-radius-top-right:0px;--awb-border-radius-bottom-right:0px;--awb-border-radius-bottom-left:0px;--awb-flex-wrap:wrap;\" ><div class=\"fusion-builder-row fusion-row fusion-flex-align-items-flex-start fusion-flex-content-wrap\" style=\"max-width:1227.2px;margin-left: calc(-4% \/ 2 );margin-right: calc(-4% \/ 2 );\"><div class=\"fusion-layout-column fusion_builder_column fusion-builder-column-7 fusion_builder_column_1_1 1_1 fusion-flex-column\" style=\"--awb-bg-size:cover;--awb-width-large:100%;--awb-margin-top-large:0px;--awb-spacing-right-large:1.92%;--awb-margin-bottom-large:20px;--awb-spacing-left-large:1.92%;--awb-width-medium:100%;--awb-order-medium:0;--awb-spacing-right-medium:1.92%;--awb-spacing-left-medium:1.92%;--awb-width-small:100%;--awb-order-small:0;--awb-spacing-right-small:1.92%;--awb-spacing-left-small:1.92%;\"><div class=\"fusion-column-wrapper fusion-column-has-shadow fusion-flex-justify-content-flex-start fusion-content-layout-column\"><div class=\"fusion-text fusion-text-7\"><h5 style=\"text-align: center;\">Calle del Freser, 75. 08026 Barcelona<br \/>\n<a href=\"tel:\/\/+34934551549\" target=\"_blank\" rel=\"noopener noreferrer\">934 55 15 49<\/a><br \/>\n<a href=\"mailto:macrolimgrup@macrolimgrup.com\" target=\"_blank\" rel=\"noopener noreferrer\">macrolimgrup@macrolimgrup.com <\/a><\/h5>\n<\/div><\/div><\/div><\/div><\/div><\/p>\n","protected":false},"excerpt":{"rendered":"","protected":false},"author":4,"featured_media":0,"parent":0,"menu_order":0,"comment_status":"closed","ping_status":"closed","template":"100-width.php","meta":{"_joinchat":[],"footnotes":""},"class_list":["post-1490","page","type-page","status-publish","hentry"],"yoast_head":"<!-- This site is optimized with the Yoast SEO plugin v26.0 - https:\/\/yoast.com\/wordpress\/plugins\/seo\/ -->\n<title>Trabaja con nosotros | Macrolim Grup<\/title>\n<meta name=\"robots\" content=\"index, follow, max-snippet:-1, max-image-preview:large, max-video-preview:-1\" \/>\n<link rel=\"canonical\" href=\"https:\/\/www.macrolimgrup.com\/es\/trabaja-con-nosotros\/\" \/>\n<meta property=\"og:locale\" content=\"es_ES\" \/>\n<meta property=\"og:type\" content=\"article\" \/>\n<meta property=\"og:title\" content=\"Trabaja con nosotros | Macrolim Grup\" \/>\n<meta property=\"og:url\" content=\"https:\/\/www.macrolimgrup.com\/es\/trabaja-con-nosotros\/\" \/>\n<meta property=\"og:site_name\" content=\"Macrolim Grup\" \/>\n<meta property=\"article:publisher\" content=\"https:\/\/www.facebook.com\/Macrolim-Grup-de-Serveis-116080173635354\/\" \/>\n<meta property=\"article:modified_time\" content=\"2025-10-22T08:50:49+00:00\" \/>\n<meta name=\"twitter:card\" content=\"summary_large_image\" \/>\n<meta name=\"twitter:label1\" content=\"Tiempo de lectura\" \/>\n\t<meta name=\"twitter:data1\" content=\"1 minuto\" \/>\n<script type=\"application\/ld+json\" class=\"yoast-schema-graph\">{\"@context\":\"https:\/\/schema.org\",\"@graph\":[{\"@type\":\"WebPage\",\"@id\":\"https:\/\/www.macrolimgrup.com\/es\/trabaja-con-nosotros\/\",\"url\":\"https:\/\/www.macrolimgrup.com\/es\/trabaja-con-nosotros\/\",\"name\":\"Trabaja con nosotros | Macrolim Grup\",\"isPartOf\":{\"@id\":\"https:\/\/www.macrolimgrup.com\/es\/#website\"},\"datePublished\":\"2021-10-19T08:58:11+00:00\",\"dateModified\":\"2025-10-22T08:50:49+00:00\",\"breadcrumb\":{\"@id\":\"https:\/\/www.macrolimgrup.com\/es\/trabaja-con-nosotros\/#breadcrumb\"},\"inLanguage\":\"es\",\"potentialAction\":[{\"@type\":\"ReadAction\",\"target\":[\"https:\/\/www.macrolimgrup.com\/es\/trabaja-con-nosotros\/\"]}]},{\"@type\":\"BreadcrumbList\",\"@id\":\"https:\/\/www.macrolimgrup.com\/es\/trabaja-con-nosotros\/#breadcrumb\",\"itemListElement\":[{\"@type\":\"ListItem\",\"position\":1,\"name\":\"Portada\",\"item\":\"https:\/\/www.macrolimgrup.com\/es\/\"},{\"@type\":\"ListItem\",\"position\":2,\"name\":\"Trabaja con nosotros\"}]},{\"@type\":\"WebSite\",\"@id\":\"https:\/\/www.macrolimgrup.com\/es\/#website\",\"url\":\"https:\/\/www.macrolimgrup.com\/es\/\",\"name\":\"Grupo Macrolim\",\"description\":\"Serveis integrals\",\"publisher\":{\"@id\":\"https:\/\/www.macrolimgrup.com\/es\/#organization\"},\"potentialAction\":[{\"@type\":\"SearchAction\",\"target\":{\"@type\":\"EntryPoint\",\"urlTemplate\":\"https:\/\/www.macrolimgrup.com\/es\/?s={search_term_string}\"},\"query-input\":{\"@type\":\"PropertyValueSpecification\",\"valueRequired\":true,\"valueName\":\"search_term_string\"}}],\"inLanguage\":\"es\"},{\"@type\":\"Organization\",\"@id\":\"https:\/\/www.macrolimgrup.com\/es\/#organization\",\"name\":\"Grup Macrolim\",\"url\":\"https:\/\/www.macrolimgrup.com\/es\/\",\"logo\":{\"@type\":\"ImageObject\",\"inLanguage\":\"es\",\"@id\":\"https:\/\/www.macrolimgrup.com\/es\/#\/schema\/logo\/image\/\",\"url\":\"https:\/\/www.macrolimgrup.com\/wp-content\/uploads\/2020\/10\/macrolim-logo-final.svg\",\"contentUrl\":\"https:\/\/www.macrolimgrup.com\/wp-content\/uploads\/2020\/10\/macrolim-logo-final.svg\",\"width\":406,\"height\":120,\"caption\":\"Grup Macrolim\"},\"image\":{\"@id\":\"https:\/\/www.macrolimgrup.com\/es\/#\/schema\/logo\/image\/\"},\"sameAs\":[\"https:\/\/www.facebook.com\/Macrolim-Grup-de-Serveis-116080173635354\/\",\"https:\/\/www.instagram.com\/macrolim.grup\/\",\"https:\/\/www.linkedin.com\/authwall?trk=gf&amp;amp;amp;amp;amp;amp;amp;amp;amp;amp;trkInfo=AQFqxUovj-Ku_wAAAXc5RDO4IXQbVNGLNhAIk25Z0nW6Cb-DmBLEtXr2h4OtAiDRuJW5BXn8vAXZDZIz5rElGk6ebaiGHJScHiNABgsDMbSk7zItUvh2yUd-NUb99GgxE36hErk=&amp;amp;amp;amp;amp;amp;amp;amp;amp;amp;originalReferer&amp;amp;amp;amp;amp;amp;amp;amp;amp;amp;sessionRedirect=https:\/\/www.linkedin.com\/company\/macrolim\"]}]}<\/script>\n<!-- \/ Yoast SEO plugin. -->","yoast_head_json":{"title":"Trabaja con nosotros | Macrolim Grup","robots":{"index":"index","follow":"follow","max-snippet":"max-snippet:-1","max-image-preview":"max-image-preview:large","max-video-preview":"max-video-preview:-1"},"canonical":"https:\/\/www.macrolimgrup.com\/es\/trabaja-con-nosotros\/","og_locale":"es_ES","og_type":"article","og_title":"Trabaja con nosotros | Macrolim Grup","og_url":"https:\/\/www.macrolimgrup.com\/es\/trabaja-con-nosotros\/","og_site_name":"Macrolim Grup","article_publisher":"https:\/\/www.facebook.com\/Macrolim-Grup-de-Serveis-116080173635354\/","article_modified_time":"2025-10-22T08:50:49+00:00","twitter_card":"summary_large_image","twitter_misc":{"Tiempo de lectura":"1 minuto"},"schema":{"@context":"https:\/\/schema.org","@graph":[{"@type":"WebPage","@id":"https:\/\/www.macrolimgrup.com\/es\/trabaja-con-nosotros\/","url":"https:\/\/www.macrolimgrup.com\/es\/trabaja-con-nosotros\/","name":"Trabaja con nosotros | Macrolim Grup","isPartOf":{"@id":"https:\/\/www.macrolimgrup.com\/es\/#website"},"datePublished":"2021-10-19T08:58:11+00:00","dateModified":"2025-10-22T08:50:49+00:00","breadcrumb":{"@id":"https:\/\/www.macrolimgrup.com\/es\/trabaja-con-nosotros\/#breadcrumb"},"inLanguage":"es","potentialAction":[{"@type":"ReadAction","target":["https:\/\/www.macrolimgrup.com\/es\/trabaja-con-nosotros\/"]}]},{"@type":"BreadcrumbList","@id":"https:\/\/www.macrolimgrup.com\/es\/trabaja-con-nosotros\/#breadcrumb","itemListElement":[{"@type":"ListItem","position":1,"name":"Portada","item":"https:\/\/www.macrolimgrup.com\/es\/"},{"@type":"ListItem","position":2,"name":"Trabaja con nosotros"}]},{"@type":"WebSite","@id":"https:\/\/www.macrolimgrup.com\/es\/#website","url":"https:\/\/www.macrolimgrup.com\/es\/","name":"Grupo Macrolim","description":"Serveis integrals","publisher":{"@id":"https:\/\/www.macrolimgrup.com\/es\/#organization"},"potentialAction":[{"@type":"SearchAction","target":{"@type":"EntryPoint","urlTemplate":"https:\/\/www.macrolimgrup.com\/es\/?s={search_term_string}"},"query-input":{"@type":"PropertyValueSpecification","valueRequired":true,"valueName":"search_term_string"}}],"inLanguage":"es"},{"@type":"Organization","@id":"https:\/\/www.macrolimgrup.com\/es\/#organization","name":"Grup Macrolim","url":"https:\/\/www.macrolimgrup.com\/es\/","logo":{"@type":"ImageObject","inLanguage":"es","@id":"https:\/\/www.macrolimgrup.com\/es\/#\/schema\/logo\/image\/","url":"https:\/\/www.macrolimgrup.com\/wp-content\/uploads\/2020\/10\/macrolim-logo-final.svg","contentUrl":"https:\/\/www.macrolimgrup.com\/wp-content\/uploads\/2020\/10\/macrolim-logo-final.svg","width":406,"height":120,"caption":"Grup Macrolim"},"image":{"@id":"https:\/\/www.macrolimgrup.com\/es\/#\/schema\/logo\/image\/"},"sameAs":["https:\/\/www.facebook.com\/Macrolim-Grup-de-Serveis-116080173635354\/","https:\/\/www.instagram.com\/macrolim.grup\/","https:\/\/www.linkedin.com\/authwall?trk=gf&amp;amp;amp;amp;amp;amp;amp;amp;amp;amp;trkInfo=AQFqxUovj-Ku_wAAAXc5RDO4IXQbVNGLNhAIk25Z0nW6Cb-DmBLEtXr2h4OtAiDRuJW5BXn8vAXZDZIz5rElGk6ebaiGHJScHiNABgsDMbSk7zItUvh2yUd-NUb99GgxE36hErk=&amp;amp;amp;amp;amp;amp;amp;amp;amp;amp;originalReferer&amp;amp;amp;amp;amp;amp;amp;amp;amp;amp;sessionRedirect=https:\/\/www.linkedin.com\/company\/macrolim"]}]}},"_links":{"self":[{"href":"https:\/\/www.macrolimgrup.com\/es\/wp-json\/wp\/v2\/pages\/1490","targetHints":{"allow":["GET"]}}],"collection":[{"href":"https:\/\/www.macrolimgrup.com\/es\/wp-json\/wp\/v2\/pages"}],"about":[{"href":"https:\/\/www.macrolimgrup.com\/es\/wp-json\/wp\/v2\/types\/page"}],"author":[{"embeddable":true,"href":"https:\/\/www.macrolimgrup.com\/es\/wp-json\/wp\/v2\/users\/4"}],"replies":[{"embeddable":true,"href":"https:\/\/www.macrolimgrup.com\/es\/wp-json\/wp\/v2\/comments?post=1490"}],"version-history":[{"count":4,"href":"https:\/\/www.macrolimgrup.com\/es\/wp-json\/wp\/v2\/pages\/1490\/revisions"}],"predecessor-version":[{"id":15018,"href":"https:\/\/www.macrolimgrup.com\/es\/wp-json\/wp\/v2\/pages\/1490\/revisions\/15018"}],"wp:attachment":[{"href":"https:\/\/www.macrolimgrup.com\/es\/wp-json\/wp\/v2\/media?parent=1490"}],"curies":[{"name":"wp","href":"https:\/\/api.w.org\/{rel}","templated":true}]}}