{"id":564,"date":"2020-09-03T12:30:53","date_gmt":"2020-09-03T10:30:53","guid":{"rendered":"https:\/\/x59-cliente.fastdigitalws.net\/politica-de-cookies\/"},"modified":"2025-10-22T10:50:47","modified_gmt":"2025-10-22T08:50:47","slug":"politica-de-cookies","status":"publish","type":"page","link":"https:\/\/www.macrolimgrup.com\/es\/politica-de-cookies\/","title":{"rendered":"Pol\u00edtica de cookies"},"content":{"rendered":"<div class=\"fusion-fullwidth fullwidth-box fusion-builder-row-1 fusion-flex-container nonhundred-percent-fullwidth non-hundred-percent-height-scrolling\" style=\"--awb-border-radius-top-left:0px;--awb-border-radius-top-right:0px;--awb-border-radius-bottom-right:0px;--awb-border-radius-bottom-left:0px;--awb-flex-wrap:wrap;\" ><div class=\"fusion-builder-row fusion-row fusion-flex-align-items-flex-start fusion-flex-content-wrap\" style=\"max-width:1227.2px;margin-left: calc(-4% \/ 2 );margin-right: calc(-4% \/ 2 );\"><div class=\"fusion-layout-column fusion_builder_column fusion-builder-column-0 fusion_builder_column_1_1 1_1 fusion-flex-column\" style=\"--awb-bg-size:cover;--awb-width-large:100%;--awb-margin-top-large:0px;--awb-spacing-right-large:1.92%;--awb-margin-bottom-large:20px;--awb-spacing-left-large:1.92%;--awb-width-medium:100%;--awb-order-medium:0;--awb-spacing-right-medium:1.92%;--awb-spacing-left-medium:1.92%;--awb-width-small:100%;--awb-order-small:0;--awb-spacing-right-small:1.92%;--awb-spacing-left-small:1.92%;\"><div class=\"fusion-column-wrapper fusion-column-has-shadow fusion-flex-justify-content-flex-start fusion-content-layout-column\"><div class=\"fusion-text fusion-text-1\"><ol>\n<li>\u00bfQU\u00c9 ES UNA COOKIE?<\/li>\n<li>\u00bf<strong>GRUP MACROLIM DE SERVEIS, S.L.<\/strong> EMPLEA COOKIES?<\/li>\n<li>\u00bfQU\u00c9 TIPOS DE COOKIES EMPLEA <strong>GRUP MACROLIM DE SERVEIS, S.L.<\/strong>?<\/li>\n<li>\u00bfC\u00d3MO PUEDO ACTIVAR O DESACTIVAR LAS COOKIES?<\/li>\n<li>M\u00c1S INFORMACI\u00d3N SOBRE COOKIES<\/li>\n<li>MODIFICACIONES<\/li>\n<\/ol>\n<p><strong>1. \u00bfQU\u00c9 ES UNA COOKIE?<\/strong><\/p>\n<p>Una cookie es un peque\u00f1o fichero de datos que se aloja en el ordenador de los usuarios del sitio web <a href=\"https:\/\/www.macrolimgrup.com\/\">www.macrolimgrup.com<\/a>\u00a0(en adelante, el \u201cSitio Web\u201d) y que contiene cierta informaci\u00f3n de la visita que como usuario haces al Sitio Web. La\u00a0<em>cookie<\/em>\u00a0es descargada por el dispositivo que usas para acceder al Sitio Web y almacenada en el disco duro de dicho dispositivo. En ning\u00fan caso las cookies da\u00f1an tu dispositivo.<\/p>\n<p>Las\u00a0<em>cookies<\/em>\u00a0pueden tener varias utilidades, por ejemplo permitir que el sitio web reconozca tu dispositivo cuando vuelvas a visitarnos, facilitar tu navegaci\u00f3n, evaluar qu\u00e9 capas del sitio web son \u00fatiles y cu\u00e1les no, asegurar que recibes el contenido correcto y guardar informaci\u00f3n con preferencias de idiomas o servicios que nos hayas proporcionado, etc.<\/p>\n<p>Utilizamos la palabra\u00a0<em>cookies<\/em>\u00a0en la presente Pol\u00edtica de Cookies para referirnos a todos los archivos que almacenan informaci\u00f3n de esta manera. La presente Pol\u00edtica de Cookies constituye junto con la\u00a0<a href=\"https:\/\/www.macrolimgrup.com\/es\/politica-de-privacidad\/\">Pol\u00edtica de Privacidad<\/a>\u00a0y las<a href=\"https:\/\/www.macrolimgrup.com\/es\/politica-de-privacidad\/\">\u00a0Condiciones de uso<\/a> de la web <a href=\"https:\/\/www.macrolimgrup.com\/\">www.macrolimgrup.com<\/a>el marco jur\u00eddico que regula el uso del Sitio web. En concreto la presente Pol\u00edtica de Cookies tiene como fin informarte debidamente de manera clara y suficiente sobre el tipo de cookies que emplea <strong>GRUP MACROLIM DE SERVEIS, S.L.<\/strong> en el Sitio web.<\/p>\n<p>Si lo deseas, puedes desactivar y\/o eliminar las cookies empleadas por <strong>GRUP MACROLIM DE SERVEIS, S.L.<\/strong> en el Sitio Web siguiendo las instrucciones de tu navegador de internet aunque te informamos que en ese caso puede que la capacidad de utilizar algunas funcionalidades del Sitio Web se vea mermada sensiblemente y no sea compatible con tus necesidades.<\/p>\n<p><strong>2. \u00bfGRUP MACROLIM DE SERVEIS, S.L. EMPLEA COOKIES?<\/strong><\/p>\n<p><strong>GRUP MACROLIM DE SERVEIS, S.L.<\/strong> utiliza cookies anal\u00edticas de terceros con el fin de facilitar tu navegaci\u00f3n y proporcionarte una mejor experiencia al navegar por el Sitio Web. En la presente Pol\u00edtica de cookies te explicamos c\u00f3mo lo hacemos.<\/p>\n<p><strong>3. \u00bfQU\u00c9 TIPOS DE COOKIES EMPLEA GRUP MACROLIM DE SERVEIS, S.L.?<\/strong><\/p>\n<p>Las\u00a0<em>cookies<\/em>\u00a0se pueden dividir en varias categor\u00edas:<\/p>\n<p><strong><em>Cookies t\u00e9cnicas<\/em><\/strong><\/p>\n<p>Son aquellas\u00a0<em>cookies<\/em>\u00a0que son esenciales para el funcionamiento de una web.<\/p>\n<p><strong><em>Cookies anal\u00edticas<\/em><\/strong><\/p>\n<p>Son aquellas cookies cuya finalidad es analizar el uso que hace el usuario de una Web. Permiten cuantificar el n\u00famero de usuarios que visitan el Sitio Web e identificar qu\u00e9 capas del Sitio Web son m\u00e1s visitadas y por tanto, m\u00e1s populares. La informaci\u00f3n obtenida a trav\u00e9s de este tipo de cookies puede ayudarnos a mejorar la navegaci\u00f3n por el Sitio Web y darte una mejor experiencia de uso.<\/p>\n<p><strong><em>Cookies propias<\/em><\/strong><\/p>\n<p>Son aquellas cookies que se env\u00edan a tu dispositivo desde nuestros propios equipos o desde nuestro dominio.<\/p>\n<p><strong><em>Cookies de terceros<\/em><\/strong><\/p>\n<p>Te informamos que si interact\u00faas con el contenido de nuestro Sitio Web puede que se establezcan cookies de terceros, que son aquellas cookies que se establecen desde un dominio diferente al del Sitio Web. Dado que no tenemos control sobre estas\u00a0<em>cookies<\/em>\u00a0de terceros, no podemos acceder a los datos almacenados en las mismas. Por eso, para obtener m\u00e1s informaci\u00f3n deber\u00edas comprobar la pol\u00edtica de privacidad del tercero responsable de dichas cookies.<\/p>\n<p><strong><em>Cookies de sesi\u00f3n<\/em><\/strong><\/p>\n<p>Son aquellas cookies que tienen naturaleza temporal de manera que permanecen en tu dispositivo solo el tiempo durante el cual navegas en el Sitio Web.<\/p>\n<p><strong><em>Cookies persistentes<\/em><\/strong><\/p>\n<p>Son aquellas cookies que se almacenan en tu dispositivo durante un plazo de tiempo determinado y que puede variar de una cookie a otra. En el caso de que el Usuario no elimine la cookie persistente, esta \u00faltima expirar\u00e1 sola, esto es, dejar\u00e1 de funcionar, en la fecha de caducidad que tenga predeterminada.<\/p>\n<p>A continuaci\u00f3n se incluye un cuadro con las cookies utilizadas por este sitio web junto con la finalidad de cada una de ellas, su duraci\u00f3n y si es propia o de un tercero (fuente):<\/p>\n<table width=\"675\">\n<tbody>\n<tr>\n<td width=\"70\"><strong>NOMBRE<\/strong><\/td>\n<td width=\"81\"><strong>TITULARIDAD<\/strong><\/td>\n<td width=\"69\"><strong>TIPO<\/strong><\/td>\n<td width=\"71\"><strong>DURACI\u00d3N<\/strong><\/td>\n<td width=\"135\"><strong>DESCRIPCI\u00d3N<\/strong><\/td>\n<\/tr>\n<tr>\n<td width=\"70\">__ga<\/td>\n<td width=\"81\">Google Inc. (de terceros)<\/td>\n<td width=\"69\">An\u00e1lisis<\/td>\n<td width=\"71\">2 a\u00f1os(persistente)<\/td>\n<td width=\"135\">Esta cookie habilita la funci\u00f3n de control de visitas \u00fanicas de manera que permite distinguir a los usuarios. Se utiliza para realizar an\u00e1lisis de uso y de medici\u00f3n del sitio web, diferenciar entre usuarios y sesiones y en definitiva, para mejorar nuestros servicios. Esta cookie est\u00e1 configurada por Google Inc.<\/td>\n<\/tr>\n<tr>\n<td width=\"70\">__gat<\/td>\n<td width=\"81\">Google Inc.(de terceros)<\/td>\n<td width=\"69\">An\u00e1lisis<\/td>\n<td width=\"71\">10 minutos desde inicio de sesi\u00f3n(persistente)<\/td>\n<td width=\"135\">Tiene como finalidad diferenciar entre los diferentes objetos de seguimiento creados en la sesi\u00f3n. Esta cookie est\u00e1 configurada por Google Inc.<\/td>\n<\/tr>\n<\/tbody>\n<\/table>\n<p>El Sitio Web utiliza Google Analytics, un servicio anal\u00edtico de web prestado por Google, Inc., (en adelante, \u201cGoogle\u201d) una compa\u00f1\u00eda de Delaware cuya oficina principal est\u00e1 en 1600 Amphitheatre Parkway, Mountain View (California), CA 94043, Estados Unidos.<\/p>\n<p>Google Analytics utiliza cookies para ayudar al Sitio Web a analizar el uso del mismo que hacen los usuarios. La informaci\u00f3n que genera la cookie acerca de tu uso del Sitio Web (incluyendo su direcci\u00f3n IP) ser\u00e1 directamente transmitida y archivada por Google en los servidores de Estados Unidos. Google usar\u00e1 esta informaci\u00f3n por cuenta de <strong>GRUP MACROLIM DE SERVEIS, S.L.<\/strong> con el prop\u00f3sito de seguir la pista de su uso del sitio web, recopilando informes de la actividad del sitio web y prestando otros servicios relacionados con la actividad del sitio web y el uso de Internet. Google podr\u00e1 transmitir dicha informaci\u00f3n a terceros cuando as\u00ed se lo requiera la legislaci\u00f3n, o cuando dichos terceros procesen la informaci\u00f3n por cuenta de Google. Google no asociar\u00e1 tu direcci\u00f3n IP con ning\u00fan otro dato del que disponga Google.<\/p>\n<p>Si deseas obtener m\u00e1s informaci\u00f3n sobre el uso de cookies anal\u00edticas de Google empleadas en el Sitio Web, puedes obtenerla en la p\u00e1gina de Google\u00a0<a href=\"https:\/\/developers.google.com\/analytics\/devguides\/collection\/analyticsjs\/cookie-usage?hl=es\">https:\/\/developers.google.com\/analytics\/devguides\/collection\/analyticsjs\/cookie-usage?hl=es<\/a>.<\/p>\n<p><strong>4. \u00bfC\u00d3MO PUEDO ACTIVAR O DESACTIVAR LAS COOKIES?<\/strong><\/p>\n<p>Si quieres, puedes retirar en cualquier momento tu consentimiento relacionado con la Pol\u00edtica de Cookies. Para ello deber\u00e1s eliminar las cookies almacenadas en tu dispositivo a trav\u00e9s de los ajustes y configuraciones de tu navegador de Internet.<\/p>\n<p>Tambi\u00e9n puedes cambiar las preferencias de tu navegador para limitar el acceso de determinadas cookies a tu ordenador. Estas preferencias se suelen encontrar en el men\u00fa \u201copciones\u201d o \u201cpreferencias\u201d de tu navegador.<\/p>\n<p>Puedes encontrar m\u00e1s informaci\u00f3n aqu\u00ed, o en el men\u00fa \u201cAyuda\u201d de tu navegador:<\/p>\n<ul>\n<li><a href=\"http:\/\/support.microsoft.com\/kb\/196955\">Preferencias de\u00a0<em>cookies<\/em>\u00a0en Internet Explorer<\/a><\/li>\n<li><a href=\"https:\/\/support.google.com\/chrome\/bin\/answer.py?hl=en&amp;answer=95647\">Preferencias de\u00a0<em>cookies<\/em>\u00a0en Chrome<\/a><\/li>\n<li><a href=\"http:\/\/support.mozilla.org\/en-US\/kb\/cookies-information-websites-store-on-your-computer?redirectlocale=en-US&amp;redirectslug=Cookies\">Preferencias de\u00a0<em>cookies<\/em>\u00a0en Firefox<\/a><\/li>\n<li><a href=\"http:\/\/support.apple.com\/kb\/PH11913\">Preferencias de\u00a0<em>cookies<\/em>\u00a0en Safari<\/a><\/li>\n<\/ul>\n<p>No obstante, si cambias tus preferencias y bloqueas las\u00a0<em>cookies<\/em>, puede que algunas funcionalidades de nuestra web queden anuladas y no puedas sacar todo el partido a las caracter\u00edsticas de nuestra web.<\/p>\n<p><strong>5. M\u00c1S INFORMACI\u00d3N SOBRE COOKIES<\/strong><\/p>\n<p>Puedes encontrar m\u00e1s informaci\u00f3n sobre\u00a0<em>cookies<\/em>\u00a0en:\u00a0<a href=\"http:\/\/www.allaboutcookies.org\/\">www.allaboutcookies.org<\/a>\u00a0o\u00a0<a href=\"http:\/\/www.youronlinechoices.eu\/\">www.youronlinechoices.eu<\/a>.<\/p>\n<p><strong>6. MODIFICACIONES<\/strong><\/p>\n<p>En el Sitio Web podr\u00e1s encontrar a tu disposici\u00f3n la presente Pol\u00edtica de Cookies en espa\u00f1ol para que puedas consultarla, archivarla o imprimirla cuando quieras. Es posible que la presente Pol\u00edtica de Cookies var\u00ede como consecuencia de cambios en el Sitio Web o en las cookies empleadas, novedades legislativas o jurisprudenciales o el establecimiento de nuevos criterios de la Agencia Espa\u00f1ola de Protecci\u00f3n de Datos. Por ello, el <strong>GRUP MACROLIM DE SERVEIS, S.L.<\/strong> se reserva el derecho a modificar la presente Pol\u00edtica de Cookies y recomienda al Usuario que lea detenidamente la presente Pol\u00edtica de Cookies vigente en el momento en que acceda al Sitio Web antes de acceder al mismo.<\/p>\n<\/div><\/div><\/div><\/div><\/div>\n","protected":false},"excerpt":{"rendered":"","protected":false},"author":4,"featured_media":0,"parent":0,"menu_order":0,"comment_status":"closed","ping_status":"closed","template":"","meta":{"_joinchat":[],"footnotes":""},"class_list":["post-564","page","type-page","status-publish","hentry"],"yoast_head":"<!-- This site is optimized with the Yoast SEO plugin v26.0 - https:\/\/yoast.com\/wordpress\/plugins\/seo\/ -->\n<title>Pol\u00edtica de cookies | Macrolim Grup<\/title>\n<meta name=\"robots\" content=\"index, follow, max-snippet:-1, max-image-preview:large, max-video-preview:-1\" \/>\n<link rel=\"canonical\" href=\"https:\/\/www.macrolimgrup.com\/es\/politica-de-cookies\/\" \/>\n<meta property=\"og:locale\" content=\"es_ES\" \/>\n<meta property=\"og:type\" content=\"article\" \/>\n<meta property=\"og:title\" content=\"Pol\u00edtica de cookies | Macrolim Grup\" \/>\n<meta property=\"og:url\" content=\"https:\/\/www.macrolimgrup.com\/es\/politica-de-cookies\/\" \/>\n<meta property=\"og:site_name\" content=\"Macrolim Grup\" \/>\n<meta property=\"article:publisher\" content=\"https:\/\/www.facebook.com\/Macrolim-Grup-de-Serveis-116080173635354\/\" \/>\n<meta property=\"article:modified_time\" content=\"2025-10-22T08:50:47+00:00\" \/>\n<meta name=\"twitter:card\" content=\"summary_large_image\" \/>\n<meta name=\"twitter:label1\" content=\"Tiempo de lectura\" \/>\n\t<meta name=\"twitter:data1\" content=\"10 minutos\" \/>\n<script type=\"application\/ld+json\" class=\"yoast-schema-graph\">{\"@context\":\"https:\/\/schema.org\",\"@graph\":[{\"@type\":\"WebPage\",\"@id\":\"https:\/\/www.macrolimgrup.com\/es\/politica-de-cookies\/\",\"url\":\"https:\/\/www.macrolimgrup.com\/es\/politica-de-cookies\/\",\"name\":\"Pol\u00edtica de cookies | Macrolim Grup\",\"isPartOf\":{\"@id\":\"https:\/\/www.macrolimgrup.com\/es\/#website\"},\"datePublished\":\"2020-09-03T10:30:53+00:00\",\"dateModified\":\"2025-10-22T08:50:47+00:00\",\"breadcrumb\":{\"@id\":\"https:\/\/www.macrolimgrup.com\/es\/politica-de-cookies\/#breadcrumb\"},\"inLanguage\":\"es\",\"potentialAction\":[{\"@type\":\"ReadAction\",\"target\":[\"https:\/\/www.macrolimgrup.com\/es\/politica-de-cookies\/\"]}]},{\"@type\":\"BreadcrumbList\",\"@id\":\"https:\/\/www.macrolimgrup.com\/es\/politica-de-cookies\/#breadcrumb\",\"itemListElement\":[{\"@type\":\"ListItem\",\"position\":1,\"name\":\"Portada\",\"item\":\"https:\/\/www.macrolimgrup.com\/es\/\"},{\"@type\":\"ListItem\",\"position\":2,\"name\":\"Pol\u00edtica de cookies\"}]},{\"@type\":\"WebSite\",\"@id\":\"https:\/\/www.macrolimgrup.com\/es\/#website\",\"url\":\"https:\/\/www.macrolimgrup.com\/es\/\",\"name\":\"Grupo Macrolim\",\"description\":\"Serveis integrals\",\"publisher\":{\"@id\":\"https:\/\/www.macrolimgrup.com\/es\/#organization\"},\"potentialAction\":[{\"@type\":\"SearchAction\",\"target\":{\"@type\":\"EntryPoint\",\"urlTemplate\":\"https:\/\/www.macrolimgrup.com\/es\/?s={search_term_string}\"},\"query-input\":{\"@type\":\"PropertyValueSpecification\",\"valueRequired\":true,\"valueName\":\"search_term_string\"}}],\"inLanguage\":\"es\"},{\"@type\":\"Organization\",\"@id\":\"https:\/\/www.macrolimgrup.com\/es\/#organization\",\"name\":\"Grup Macrolim\",\"url\":\"https:\/\/www.macrolimgrup.com\/es\/\",\"logo\":{\"@type\":\"ImageObject\",\"inLanguage\":\"es\",\"@id\":\"https:\/\/www.macrolimgrup.com\/es\/#\/schema\/logo\/image\/\",\"url\":\"https:\/\/www.macrolimgrup.com\/wp-content\/uploads\/2020\/10\/macrolim-logo-final.svg\",\"contentUrl\":\"https:\/\/www.macrolimgrup.com\/wp-content\/uploads\/2020\/10\/macrolim-logo-final.svg\",\"width\":406,\"height\":120,\"caption\":\"Grup Macrolim\"},\"image\":{\"@id\":\"https:\/\/www.macrolimgrup.com\/es\/#\/schema\/logo\/image\/\"},\"sameAs\":[\"https:\/\/www.facebook.com\/Macrolim-Grup-de-Serveis-116080173635354\/\",\"https:\/\/www.instagram.com\/macrolim.grup\/\",\"https:\/\/www.linkedin.com\/authwall?trk=gf&amp;amp;amp;amp;amp;amp;amp;amp;amp;amp;trkInfo=AQFqxUovj-Ku_wAAAXc5RDO4IXQbVNGLNhAIk25Z0nW6Cb-DmBLEtXr2h4OtAiDRuJW5BXn8vAXZDZIz5rElGk6ebaiGHJScHiNABgsDMbSk7zItUvh2yUd-NUb99GgxE36hErk=&amp;amp;amp;amp;amp;amp;amp;amp;amp;amp;originalReferer&amp;amp;amp;amp;amp;amp;amp;amp;amp;amp;sessionRedirect=https:\/\/www.linkedin.com\/company\/macrolim\"]}]}<\/script>\n<!-- \/ Yoast SEO plugin. -->","yoast_head_json":{"title":"Pol\u00edtica de cookies | Macrolim Grup","robots":{"index":"index","follow":"follow","max-snippet":"max-snippet:-1","max-image-preview":"max-image-preview:large","max-video-preview":"max-video-preview:-1"},"canonical":"https:\/\/www.macrolimgrup.com\/es\/politica-de-cookies\/","og_locale":"es_ES","og_type":"article","og_title":"Pol\u00edtica de cookies | Macrolim Grup","og_url":"https:\/\/www.macrolimgrup.com\/es\/politica-de-cookies\/","og_site_name":"Macrolim Grup","article_publisher":"https:\/\/www.facebook.com\/Macrolim-Grup-de-Serveis-116080173635354\/","article_modified_time":"2025-10-22T08:50:47+00:00","twitter_card":"summary_large_image","twitter_misc":{"Tiempo de lectura":"10 minutos"},"schema":{"@context":"https:\/\/schema.org","@graph":[{"@type":"WebPage","@id":"https:\/\/www.macrolimgrup.com\/es\/politica-de-cookies\/","url":"https:\/\/www.macrolimgrup.com\/es\/politica-de-cookies\/","name":"Pol\u00edtica de cookies | Macrolim Grup","isPartOf":{"@id":"https:\/\/www.macrolimgrup.com\/es\/#website"},"datePublished":"2020-09-03T10:30:53+00:00","dateModified":"2025-10-22T08:50:47+00:00","breadcrumb":{"@id":"https:\/\/www.macrolimgrup.com\/es\/politica-de-cookies\/#breadcrumb"},"inLanguage":"es","potentialAction":[{"@type":"ReadAction","target":["https:\/\/www.macrolimgrup.com\/es\/politica-de-cookies\/"]}]},{"@type":"BreadcrumbList","@id":"https:\/\/www.macrolimgrup.com\/es\/politica-de-cookies\/#breadcrumb","itemListElement":[{"@type":"ListItem","position":1,"name":"Portada","item":"https:\/\/www.macrolimgrup.com\/es\/"},{"@type":"ListItem","position":2,"name":"Pol\u00edtica de cookies"}]},{"@type":"WebSite","@id":"https:\/\/www.macrolimgrup.com\/es\/#website","url":"https:\/\/www.macrolimgrup.com\/es\/","name":"Grupo Macrolim","description":"Serveis integrals","publisher":{"@id":"https:\/\/www.macrolimgrup.com\/es\/#organization"},"potentialAction":[{"@type":"SearchAction","target":{"@type":"EntryPoint","urlTemplate":"https:\/\/www.macrolimgrup.com\/es\/?s={search_term_string}"},"query-input":{"@type":"PropertyValueSpecification","valueRequired":true,"valueName":"search_term_string"}}],"inLanguage":"es"},{"@type":"Organization","@id":"https:\/\/www.macrolimgrup.com\/es\/#organization","name":"Grup Macrolim","url":"https:\/\/www.macrolimgrup.com\/es\/","logo":{"@type":"ImageObject","inLanguage":"es","@id":"https:\/\/www.macrolimgrup.com\/es\/#\/schema\/logo\/image\/","url":"https:\/\/www.macrolimgrup.com\/wp-content\/uploads\/2020\/10\/macrolim-logo-final.svg","contentUrl":"https:\/\/www.macrolimgrup.com\/wp-content\/uploads\/2020\/10\/macrolim-logo-final.svg","width":406,"height":120,"caption":"Grup Macrolim"},"image":{"@id":"https:\/\/www.macrolimgrup.com\/es\/#\/schema\/logo\/image\/"},"sameAs":["https:\/\/www.facebook.com\/Macrolim-Grup-de-Serveis-116080173635354\/","https:\/\/www.instagram.com\/macrolim.grup\/","https:\/\/www.linkedin.com\/authwall?trk=gf&amp;amp;amp;amp;amp;amp;amp;amp;amp;amp;trkInfo=AQFqxUovj-Ku_wAAAXc5RDO4IXQbVNGLNhAIk25Z0nW6Cb-DmBLEtXr2h4OtAiDRuJW5BXn8vAXZDZIz5rElGk6ebaiGHJScHiNABgsDMbSk7zItUvh2yUd-NUb99GgxE36hErk=&amp;amp;amp;amp;amp;amp;amp;amp;amp;amp;originalReferer&amp;amp;amp;amp;amp;amp;amp;amp;amp;amp;sessionRedirect=https:\/\/www.linkedin.com\/company\/macrolim"]}]}},"_links":{"self":[{"href":"https:\/\/www.macrolimgrup.com\/es\/wp-json\/wp\/v2\/pages\/564","targetHints":{"allow":["GET"]}}],"collection":[{"href":"https:\/\/www.macrolimgrup.com\/es\/wp-json\/wp\/v2\/pages"}],"about":[{"href":"https:\/\/www.macrolimgrup.com\/es\/wp-json\/wp\/v2\/types\/page"}],"author":[{"embeddable":true,"href":"https:\/\/www.macrolimgrup.com\/es\/wp-json\/wp\/v2\/users\/4"}],"replies":[{"embeddable":true,"href":"https:\/\/www.macrolimgrup.com\/es\/wp-json\/wp\/v2\/comments?post=564"}],"version-history":[{"count":1,"href":"https:\/\/www.macrolimgrup.com\/es\/wp-json\/wp\/v2\/pages\/564\/revisions"}],"predecessor-version":[{"id":23485,"href":"https:\/\/www.macrolimgrup.com\/es\/wp-json\/wp\/v2\/pages\/564\/revisions\/23485"}],"wp:attachment":[{"href":"https:\/\/www.macrolimgrup.com\/es\/wp-json\/wp\/v2\/media?parent=564"}],"curies":[{"name":"wp","href":"https:\/\/api.w.org\/{rel}","templated":true}]}}